{"id":7199,"date":"2018-05-02T21:27:15","date_gmt":"2018-05-02T20:27:15","guid":{"rendered":"https:\/\/juliogonzalez.org\/?page_id=7199"},"modified":"2020-03-27T12:20:37","modified_gmt":"2020-03-27T11:20:37","slug":"archives","status":"publish","type":"page","link":"https:\/\/juliogonzalez.org\/en\/archives\/","title":{"rendered":"Archives"},"content":{"rendered":"<p>Julio Gonz\u00e1lez Administration possesses important archives on the life and work of Julio and Roberta Gonz\u00e1lez. Here are some examples of photographs and texts from past exhibitions and the Gonz\u00e1lez archives.<\/p>\n","protected":false},"excerpt":{"rendered":"<p>Julio Gonz\u00e1lez Administration possesses important archives on the life and work of Julio and Roberta Gonz\u00e1lez. Here are some examples of photographs and texts from past exhibitions and the Gonz\u00e1lez archives.<\/p>\n","protected":false},"author":8,"featured_media":0,"parent":0,"menu_order":7,"comment_status":"closed","ping_status":"closed","template":"template-medias.php","meta":{"footnotes":""},"class_list":["post-7199","page","type-page","status-publish","hentry"],"_links":{"self":[{"href":"https:\/\/juliogonzalez.org\/en\/wp-json\/wp\/v2\/pages\/7199","targetHints":{"allow":["GET"]}}],"collection":[{"href":"https:\/\/juliogonzalez.org\/en\/wp-json\/wp\/v2\/pages"}],"about":[{"href":"https:\/\/juliogonzalez.org\/en\/wp-json\/wp\/v2\/types\/page"}],"author":[{"embeddable":true,"href":"https:\/\/juliogonzalez.org\/en\/wp-json\/wp\/v2\/users\/8"}],"replies":[{"embeddable":true,"href":"https:\/\/juliogonzalez.org\/en\/wp-json\/wp\/v2\/comments?post=7199"}],"version-history":[{"count":2,"href":"https:\/\/juliogonzalez.org\/en\/wp-json\/wp\/v2\/pages\/7199\/revisions"}],"predecessor-version":[{"id":8183,"href":"https:\/\/juliogonzalez.org\/en\/wp-json\/wp\/v2\/pages\/7199\/revisions\/8183"}],"wp:attachment":[{"href":"https:\/\/juliogonzalez.org\/en\/wp-json\/wp\/v2\/media?parent=7199"}],"curies":[{"name":"wp","href":"https:\/\/api.w.org\/{rel}","templated":true}]}}