{"id":7068,"date":"2018-04-14T09:14:26","date_gmt":"2018-04-14T08:14:26","guid":{"rendered":"https:\/\/juliogonzalez.org\/a-propos-de-l-artiste\/julio-gonzalez-2\/"},"modified":"2024-12-06T11:26:05","modified_gmt":"2024-12-06T10:26:05","slug":"julio-gonzalez","status":"publish","type":"page","link":"https:\/\/juliogonzalez.org\/en\/about-the-artists\/julio-gonzalez\/","title":{"rendered":"Julio GONZALEZ (1876-1942)"},"content":{"rendered":"<div id=\"pl-7068\"  class=\"panel-layout\" ><div id=\"pg-7068-0\"  class=\"panel-grid panel-has-style\" ><div class=\"panel-row-style panel-row-style-for-7068-0\" ><div id=\"pgc-7068-0-0\"  class=\"panel-grid-cell\" ><div id=\"panel-7068-0-0-0\" class=\"so-panel widget widget_sow-image panel-first-child\" data-index=\"0\" ><div\n\t\t\t\n\t\t\tclass=\"so-widget-sow-image so-widget-sow-image-default-8b5b6f678277-7068\"\n\t\t\t\n\t\t>\n<div class=\"sow-image-container\">\n\t\t<img \n\tsrc=\"https:\/\/juliogonzalez.org\/wp-content\/uploads\/2018\/01\/Julio-Gonzalez.jpg\" width=\"570\" height=\"754\" srcset=\"https:\/\/juliogonzalez.org\/wp-content\/uploads\/2018\/01\/Julio-Gonzalez.jpg 570w, https:\/\/juliogonzalez.org\/wp-content\/uploads\/2018\/01\/Julio-Gonzalez-227x300.jpg 227w, https:\/\/juliogonzalez.org\/wp-content\/uploads\/2018\/01\/Julio-Gonzalez-145x192.jpg 145w, https:\/\/juliogonzalez.org\/wp-content\/uploads\/2018\/01\/Julio-Gonzalez-18x24.jpg 18w, https:\/\/juliogonzalez.org\/wp-content\/uploads\/2018\/01\/Julio-Gonzalez-27x36.jpg 27w, https:\/\/juliogonzalez.org\/wp-content\/uploads\/2018\/01\/Julio-Gonzalez-36x48.jpg 36w\" sizes=\"(max-width: 570px) 100vw, 570px\" title=\"Rogi Andr\u00e9, Portrait of Julio Gonzalez, c. 1937\" alt=\"\" \t\tclass=\"so-widget-image\"\/>\n\t<\/div>\n\n<h3 class=\"widget-title\">Rogi Andr\u00e9, Portrait of Julio Gonzalez, c. 1937<\/h3><\/div><\/div><div id=\"panel-7068-0-0-1\" class=\"so-panel widget widget_media_image\" data-index=\"1\" ><div style=\"width: 240px\" class=\"wp-caption alignnone\"><img loading=\"lazy\" decoding=\"async\" width=\"230\" height=\"300\" src=\"https:\/\/juliogonzalez.org\/wp-content\/uploads\/2018\/04\/jeuneGonzalezportrait-230x300.jpg\" class=\"image wp-image-7126  attachment-medium size-medium\" alt=\"\" style=\"max-width: 100%; height: auto;\" srcset=\"https:\/\/juliogonzalez.org\/wp-content\/uploads\/2018\/04\/jeuneGonzalezportrait-230x300.jpg 230w, https:\/\/juliogonzalez.org\/wp-content\/uploads\/2018\/04\/jeuneGonzalezportrait-145x189.jpg 145w, https:\/\/juliogonzalez.org\/wp-content\/uploads\/2018\/04\/jeuneGonzalezportrait-18x24.jpg 18w, https:\/\/juliogonzalez.org\/wp-content\/uploads\/2018\/04\/jeuneGonzalezportrait-28x36.jpg 28w, https:\/\/juliogonzalez.org\/wp-content\/uploads\/2018\/04\/jeuneGonzalezportrait-37x48.jpg 37w, https:\/\/juliogonzalez.org\/wp-content\/uploads\/2018\/04\/jeuneGonzalezportrait.jpg 590w\" sizes=\"auto, (max-width: 230px) 100vw, 230px\" \/><p class=\"wp-caption-text\">Julio Gonz\u00e1lez, c. 1920-1925<\/p><\/div><\/div><div id=\"panel-7068-0-0-2\" class=\"so-panel widget widget_media_image\" data-index=\"2\" ><div style=\"width: 231px\" class=\"wp-caption alignnone\"><img loading=\"lazy\" decoding=\"async\" width=\"221\" height=\"300\" src=\"https:\/\/juliogonzalez.org\/wp-content\/uploads\/2018\/04\/Gonzalezchat-221x300.jpg\" class=\"image wp-image-7122  attachment-medium size-medium\" alt=\"\" style=\"max-width: 100%; height: auto;\" srcset=\"https:\/\/juliogonzalez.org\/wp-content\/uploads\/2018\/04\/Gonzalezchat-221x300.jpg 221w, https:\/\/juliogonzalez.org\/wp-content\/uploads\/2018\/04\/Gonzalezchat-145x197.jpg 145w, https:\/\/juliogonzalez.org\/wp-content\/uploads\/2018\/04\/Gonzalezchat-18x24.jpg 18w, https:\/\/juliogonzalez.org\/wp-content\/uploads\/2018\/04\/Gonzalezchat-27x36.jpg 27w, https:\/\/juliogonzalez.org\/wp-content\/uploads\/2018\/04\/Gonzalezchat-35x48.jpg 35w, https:\/\/juliogonzalez.org\/wp-content\/uploads\/2018\/04\/Gonzalezchat.jpg 566w\" sizes=\"auto, (max-width: 221px) 100vw, 221px\" \/><p class=\"wp-caption-text\">Julio Gonz\u00e1lez with a cat at his home-studio in Arcueil, c. 1937-1939<\/p><\/div><\/div><div id=\"panel-7068-0-0-3\" class=\"so-panel widget widget_media_image\" data-index=\"3\" ><div style=\"width: 227px\" class=\"wp-caption alignnone\"><img loading=\"lazy\" decoding=\"async\" width=\"217\" height=\"300\" src=\"https:\/\/juliogonzalez.org\/wp-content\/uploads\/2018\/04\/Gonzalezenatelier-217x300.jpg\" class=\"image wp-image-7123  attachment-medium size-medium\" alt=\"\" style=\"max-width: 100%; height: auto;\" srcset=\"https:\/\/juliogonzalez.org\/wp-content\/uploads\/2018\/04\/Gonzalezenatelier-217x300.jpg 217w, https:\/\/juliogonzalez.org\/wp-content\/uploads\/2018\/04\/Gonzalezenatelier-145x200.jpg 145w, https:\/\/juliogonzalez.org\/wp-content\/uploads\/2018\/04\/Gonzalezenatelier-17x24.jpg 17w, https:\/\/juliogonzalez.org\/wp-content\/uploads\/2018\/04\/Gonzalezenatelier-26x36.jpg 26w, https:\/\/juliogonzalez.org\/wp-content\/uploads\/2018\/04\/Gonzalezenatelier-35x48.jpg 35w, https:\/\/juliogonzalez.org\/wp-content\/uploads\/2018\/04\/Gonzalezenatelier.jpg 556w\" sizes=\"auto, (max-width: 217px) 100vw, 217px\" \/><p class=\"wp-caption-text\">Julio Gonz\u00e1lez in his workshop in Arcueil, c. 1937-1939<\/p><\/div><\/div><div id=\"panel-7068-0-0-4\" class=\"so-panel widget widget_media_image\" data-index=\"4\" ><div style=\"width: 218px\" class=\"wp-caption alignnone\"><img loading=\"lazy\" decoding=\"async\" width=\"208\" height=\"300\" src=\"https:\/\/juliogonzalez.org\/wp-content\/uploads\/2018\/04\/Gonzalezautravail-208x300.jpg\" class=\"image wp-image-7121  attachment-medium size-medium\" alt=\"\" style=\"max-width: 100%; height: auto;\" srcset=\"https:\/\/juliogonzalez.org\/wp-content\/uploads\/2018\/04\/Gonzalezautravail-208x300.jpg 208w, https:\/\/juliogonzalez.org\/wp-content\/uploads\/2018\/04\/Gonzalezautravail-145x210.jpg 145w, https:\/\/juliogonzalez.org\/wp-content\/uploads\/2018\/04\/Gonzalezautravail-17x24.jpg 17w, https:\/\/juliogonzalez.org\/wp-content\/uploads\/2018\/04\/Gonzalezautravail-25x36.jpg 25w, https:\/\/juliogonzalez.org\/wp-content\/uploads\/2018\/04\/Gonzalezautravail-33x48.jpg 33w, https:\/\/juliogonzalez.org\/wp-content\/uploads\/2018\/04\/Gonzalezautravail.jpg 533w\" sizes=\"auto, (max-width: 208px) 100vw, 208px\" \/><p class=\"wp-caption-text\">Julio Gonz\u00e1lez in his workshop in Monthyon, 1928-1935<\/p><\/div><\/div><div id=\"panel-7068-0-0-5\" class=\"so-panel widget widget_media_image panel-last-child\" data-index=\"5\" ><div style=\"width: 237px\" class=\"wp-caption alignnone\"><img loading=\"lazy\" decoding=\"async\" width=\"227\" height=\"300\" src=\"https:\/\/juliogonzalez.org\/wp-content\/uploads\/2018\/04\/GonzalezHartung-227x300.jpg\" class=\"image wp-image-7124  attachment-medium size-medium\" alt=\"\" style=\"max-width: 100%; height: auto;\" srcset=\"https:\/\/juliogonzalez.org\/wp-content\/uploads\/2018\/04\/GonzalezHartung-227x300.jpg 227w, https:\/\/juliogonzalez.org\/wp-content\/uploads\/2018\/04\/GonzalezHartung-145x192.jpg 145w, https:\/\/juliogonzalez.org\/wp-content\/uploads\/2018\/04\/GonzalezHartung-18x24.jpg 18w, https:\/\/juliogonzalez.org\/wp-content\/uploads\/2018\/04\/GonzalezHartung-27x36.jpg 27w, https:\/\/juliogonzalez.org\/wp-content\/uploads\/2018\/04\/GonzalezHartung-36x48.jpg 36w, https:\/\/juliogonzalez.org\/wp-content\/uploads\/2018\/04\/GonzalezHartung.jpg 580w\" sizes=\"auto, (max-width: 227px) 100vw, 227px\" \/><p class=\"wp-caption-text\">Julio Gonz\u00e1lez &amp; Hans Hartung in Gonz\u00e1lez's workshop in Arcueil, c. 1937-1939<\/p><\/div><\/div><\/div><div id=\"pgc-7068-0-1\"  class=\"panel-grid-cell\" ><div id=\"panel-7068-0-1-0\" class=\"so-panel widget widget_sow-editor panel-first-child panel-last-child\" data-index=\"6\" ><div\n\t\t\t\n\t\t\tclass=\"so-widget-sow-editor so-widget-sow-editor-base\"\n\t\t\t\n\t\t>\n<div class=\"siteorigin-widget-tinymce textwidget\">\n\t<h1>Julio GONZALEZ (1876-1942)<\/h1>\n<h3><strong>From decorative metal-worker in Barcelona to multimedia artist in Paris<\/strong><\/h3>\n<p>Julio Gonz\u00e1lez begins his career as an artisan metalworker in the family workshop in Barcelona, alongside his brother, Joan. At the same time, they take evening painting and drawing classes, in hopes of one day becoming \"real\" artists.\u00a0 They frequent Barcelona's effervescent artistic and intellectual milieu, largely centered around the artistic cabaret\u00a0 \"Els Quatre Gats\", founded by Modernist painters Santiago Rusinol, Ramon Casas and Miguel Utrillo.<\/p>\n<p>After their father's death, the Gonz\u00e1lez brothers decide to sell the family business and pursue their shared dream by moving to Paris, then the undisputed capital of the arts.\u00a0 In 1900, the whole Gonz\u00e1lez family picks up and settles in Montparnasse, a bohemian neighborhood on the\u00a0 southern outskirts of the city that was transforming in those years into Paris's new avant-gardist hub. The two brothers reconnect with artists Pablo Picasso, Manolo Hugu\u00e9, Pablo Gargallo, and Joaquin Torres-Garcia, friends from Barcelona, as well as writers and critics, like Max Jacob. Gonz\u00e1lez exhibits for the first time at the Salon des Ind\u00e9pendants in 1907, showing six paintings.<\/p>\n<p>When Joan succumbs to his fragile health in 1908, Julio is devastated, but carries on. The following year, he marries Louise \"Jeanne\" Berton, a French woman who had worked as his model. Though their marriage doesn't last, their daughter, Roberta, is born in 1909.\u00a0 Roberta goes on to be raised by her father and aunts in a Catalan enclave in Montparnasse.<\/p>\n<p>In the years leading up to World War I, Gonz\u00e1lez pursues diverse artistic forms : painting, drawing, decorative metal-work, and sculpture. Gonz\u00e1lez executes his first metallic mask in 1912 using the repouss\u00e9 technique.\u00a0 He exhibits in various Parisian salons, including the Salon d'Automne, thanks to the influence of the writer, poet and sculptor Alexandre Mercereau, who becomes his agent in 1911. He presents himself as a painter, decorative metal-worker and\/or sculptor. Gonz\u00e1lez frequents the Closerie des Lilas, a mythic literary and artistic caf\u00e9 in Montparnasse, to exchange ideas with his colleagues Modigliani and Brancusi, with whom he collaborates closely over the years. Gonz\u00e1lez's work begins to attract the attention of collectors and critics. In 1918, he learns the oxyacetylene welding technique in a factory in Boulogne-sur-Seine, which will have a significant impact on his career.<\/p>\n<h3><strong>The artist takes flight<\/strong><\/h3>\n<p>In the interwar period, Gonz\u00e1lez pursues and perfects his multi-faceted artistic practice. His first personal exhibition takes place in March 1922 at the galerie Povolozky, marking the beginning of his recognition on the Parisian scene. In the catalogue, his friend and agent Alexandre Mercereau writes:\u00a0\u00a0\u201cJulio Gonz\u00e1lez is an amazing man. Endowed with a dazzling imagination, a multiplicity of means of translation, he is a painter, sculpture, architect, glass and faience-worker, furniture maker. He casts, hammers, works in repouss\u00e9 various metals, like iron, copper, gold, and silver, as well as wood, he designs dresses and embroidery and, what\u2019s more, he is so modest that, in the 20 years since he has arrived from Barcelona, city of his birth, to Paris, he hides it so well [\u2026] that one can frequent him for ten years without knowing anything of his artwork, which he has only decided to display in recent years, thanks only to the insistence of his obstinate friends \u00bb.\u00a0 Well received in the press, another personal exhibition follows in January 1923 at the galerie Le Cam\u00e9lion, in addition to salons and collective shows, both in Paris and Barcelona.<\/p>\n<p>At the same time, Gonz\u00e1lez experiments with his sculpture, applying to it the oxyacetylene welding technique. This innovative application of an industrial technique to an artistic practice allows Gonz\u00e1lez's sculpture to reach new heights in the interwar period. In 1929, Gonz\u00e1lez abandons painting, deciding to devote himself entirely to sculpture. He signs a contract with the Galerie de France the same year, promising to devote to them the entirety of his production for the next three years. He displays his iron sculpture there in 1930 for the first time.<\/p>\n<p>Simultaneously, Gonz\u00e1lez and Picasso engage in a fruitful artistic collaboration.\u00a0 From 1928 to 1932, they work together on metallic sculptural constructions in response to Picasso's commission for Guillaume Apollinaire's funeral monument. In exchange for his savoir-faire in industrial welding, this collaboration with Picasso, avant-garde inventor and master, helps Gonz\u00e1lez develop and hone his personal sculptural language, which translates forms from observed reality into abstractions. As the celebrated critic Andr\u00e9 Salmon writes in <em>Gringoire<\/em>\u00a0(May 18), Gonzalez's \"forged iron sculptures, visibly abstract, [...] are in fact poems to nature\".<\/p>\n<p>Salmon's observation comes in response to \"J. Gonzalez. Sculptures\", a personal exhibition at the galerie Percier held in April-May 1934. In the exhibition catalogue's preface, the critic Maurice Raynal refers to Gonz\u00e1lez as \"the artist of the void\". Indeed, the application of this industrial technique to his artistic practice allows Gonz\u00e1lez to incorporate space as a constructive element into iron sculpture.<\/p>\n<p>Gonz\u00e1lez exhibits again in a solo show at the galerie des Cahiers d'art at the end of 1934, once again drawing praise from Salmon, who writes: \"Having waited a long time, Gonz\u00e1lez has finally revealed himself in a relatively precipitated way. We dare to hope that this second exhibition will definitively position this artist for greatness. He mustn\u2019t only occupy a privileged position in relation to his compatriot Gargallo, who expresses in stone what Gonz\u00e1lez expresses in forged iron; Gonz\u00e1lez\u2019s work must be inscribed in the history of modern art both as the most spontaneous of plastic efflorescences and the most lucid demonstration of that which has been called cubism, which extends so far beyond the constructive experiments of 1910 \u201c.<\/p>\n<p>While his production is certainly influenced by cubism, constructivism, surrealism, and other aesthetic movements flourishing around him, Gonz\u00e1lez refuses to conform to any sole style or current. His creative process is dictated by his personal vision, and as such, Gonz\u00e1lez\u2019s mature works are unclassifiable.\u00a0 Nonetheless, in the mid-1930s, as Salmon indicates, Gonz\u00e1lez seems poised for greatness. His presence intensifies on the Parisian scene and beyond, as his work attracts the attention of American curators, critics and collectors, like Albert Gallatin, James Johnson Sweeney, and Alfred Barr, who acquires Gonz\u00e1lez's <em>T\u00eate dite \"l'Escargot<\/em>\" (1935) for New York's Museum of Modern Art in 1937.<\/p>\n<h3><strong>Caught in the tumults of history: Political engagement and a promising career cut short<\/strong><\/h3>\n<p>That same year, Gonz\u00e1lez expresses his solidarity and support on the world stage for the second Spanish Republic under attack by the rebel nationalist forces in the Spanish Civil War.\u00a0 Like Picasso's <em>Guernica <\/em>(1937), his iron sculpture\u00a0 <em>La Montserrat <\/em>(1936-1937), depicting a determined, resilient Catalan peasant woman holding a child, occupies a place of honor in the Spanish Republican Pavilion in the 1937 World's Fair in Paris. The theme of the Montserrat remains Gonz\u00e1lez's preferred subject to express his distress before the violence and tragedy of the war, first in Spain, then in Europe.<\/p>\n<p>Indeed, Julio Gonz\u00e1lez doesn\u2019t have time to make a lasting name for himself before his production is curtailed and career interrupted by the tumults of the 20<sup>th<\/sup> century.\u00a0 He must flee from Paris with his family in anticipation of the Nazi Occupation in 1940; his son-in-law, the German abstract painter Hans Hartung, was wanted as a traitor by his compatriots. The entire Gonz\u00e1lez family settles in the Lot.\u00a0 Though Roberta and her aunts, Julio's sisters, remain there for the duration of the conflict, Gonz\u00e1lez, eager to resume his iron sculpture, returns to Paris in 1941. He resumes contact with Picasso and his compatriots before his career is definitively cut short by his untimely death in 1942, at the age of 66. In the Postwar, in recognition of his pro-Republican engagement, his compatriots include his works in their numerous anti-Franco artistic exhibitions, which extend from Paris to Prague.<\/p>\n<p>In the Postwar period, Roberta Gonz\u00e1lez works tirelessly to promote her father's work, in hopes of attaining for him the recognition that his revolutionary work deserved. She collaborated on the organisation of major retrospectives in numerous countries and several continents, and made donations of his work to prestigious institutions. Today, Gonz\u00e1lez's work is present in the world's most renowned museums, institutions and collections.<\/p>\n<\/div>\n<\/div><\/div><\/div><\/div><\/div><\/div>","protected":false},"excerpt":{"rendered":"<p>Julio GONZALEZ (1876-1942) From decorative metal-worker in Barcelona to multimedia artist in Paris Julio Gonz\u00e1lez begins his career as an artisan metalworker in the family workshop in Barcelona, alongside his brother, Joan. At the same time, they take evening painting and drawing classes, in hopes of one day becoming &#8220;real&#8221; artists.\u00a0 They frequent Barcelona&#8217;s effervescent [&hellip;]<\/p>\n","protected":false},"author":1,"featured_media":0,"parent":10232,"menu_order":0,"comment_status":"closed","ping_status":"closed","template":"","meta":{"footnotes":""},"class_list":["post-7068","page","type-page","status-publish","hentry"],"_links":{"self":[{"href":"https:\/\/juliogonzalez.org\/en\/wp-json\/wp\/v2\/pages\/7068","targetHints":{"allow":["GET"]}}],"collection":[{"href":"https:\/\/juliogonzalez.org\/en\/wp-json\/wp\/v2\/pages"}],"about":[{"href":"https:\/\/juliogonzalez.org\/en\/wp-json\/wp\/v2\/types\/page"}],"author":[{"embeddable":true,"href":"https:\/\/juliogonzalez.org\/en\/wp-json\/wp\/v2\/users\/1"}],"replies":[{"embeddable":true,"href":"https:\/\/juliogonzalez.org\/en\/wp-json\/wp\/v2\/comments?post=7068"}],"version-history":[{"count":27,"href":"https:\/\/juliogonzalez.org\/en\/wp-json\/wp\/v2\/pages\/7068\/revisions"}],"predecessor-version":[{"id":10250,"href":"https:\/\/juliogonzalez.org\/en\/wp-json\/wp\/v2\/pages\/7068\/revisions\/10250"}],"up":[{"embeddable":true,"href":"https:\/\/juliogonzalez.org\/en\/wp-json\/wp\/v2\/pages\/10232"}],"wp:attachment":[{"href":"https:\/\/juliogonzalez.org\/en\/wp-json\/wp\/v2\/media?parent=7068"}],"curies":[{"name":"wp","href":"https:\/\/api.w.org\/{rel}","templated":true}]}}