{"id":6759,"date":"2014-04-02T14:56:54","date_gmt":"2014-04-02T13:56:54","guid":{"rendered":"https:\/\/juliogonzalez.org\/dans-les-musees\/"},"modified":"2025-03-21T12:19:49","modified_gmt":"2025-03-21T11:19:49","slug":"in-museums","status":"publish","type":"page","link":"https:\/\/juliogonzalez.org\/en\/in-museums\/","title":{"rendered":"In museums"},"content":{"rendered":"<div id=\"pl-6759\"  class=\"panel-layout\" ><div id=\"pg-6759-0\"  class=\"panel-grid panel-no-style\" ><div id=\"pgc-6759-0-0\"  class=\"panel-grid-cell\" ><div id=\"panel-6759-0-0-0\" class=\"so-panel widget widget_sow-editor panel-first-child panel-last-child\" data-index=\"0\" ><div class=\"panel-widget-style panel-widget-style-for-6759-0-0-0\" ><div\n\t\t\t\n\t\t\tclass=\"so-widget-sow-editor so-widget-sow-editor-base\"\n\t\t\t\n\t\t><h3 class=\"widget-title\">Gonz\u00e1lez in museums<\/h3>\n<div class=\"siteorigin-widget-tinymce textwidget\">\n\t<p>Housed in the collections of major museums and institutions across the world, Julio Gonz\u00e1lez's work is accessible to a vast, international public.\u00a0 Several of Gonz\u00e1lez's works were acquired by museums like the MoMA or the MNAM (currently housed at the Pompidou Center) during his lifetime.\u00a0 \u00a0However, the majority of his work entered collections from the 1950s, thanks to the vision of curators and the generosity of his daughter, Roberta Gonz\u00e1lez, who made a series of donations to institutions in France, Spain and beyond.\u00a0 \u00a0These donations were supplemented by Carmen Martinez and Viviane Grimminger, the subsequent right-holders of the Gonz\u00e1lez Estate .\u00a0 Notably, their important donation of hundreds of works of art by Julio, Roberta and Joan Gonz\u00e1lez formed the nucleus of the Institut Valenci\u00e0 d'Art Modern (IVAM) Centre Julio Gonz\u00e1lez's collection.\u00a0 The IVAM holds the largest collection of works and archives of the Gonz\u00e1lez family.\u00a0\u00a0Their work to promote and defend the Gonz\u00e1lez legacy is pursued today by Gonz\u00e1lez Administration.<\/p>\n<\/div>\n<\/div><\/div><\/div><\/div><\/div><\/div>","protected":false},"excerpt":{"rendered":"<p>Housed in the collections of major museums and institutions across the world, Julio Gonz\u00e1lez&#8217;s work is accessible to a vast, international public.\u00a0 Several of Gonz\u00e1lez&#8217;s works were acquired by museums like the MoMA or the MNAM (currently housed at the Pompidou Center) during his lifetime.\u00a0 \u00a0However, the majority of his work entered collections from the [&hellip;]<\/p>\n","protected":false},"author":9,"featured_media":0,"parent":0,"menu_order":2,"comment_status":"closed","ping_status":"closed","template":"template-danslesmusee.php","meta":{"footnotes":""},"class_list":["post-6759","page","type-page","status-publish","hentry"],"_links":{"self":[{"href":"https:\/\/juliogonzalez.org\/en\/wp-json\/wp\/v2\/pages\/6759","targetHints":{"allow":["GET"]}}],"collection":[{"href":"https:\/\/juliogonzalez.org\/en\/wp-json\/wp\/v2\/pages"}],"about":[{"href":"https:\/\/juliogonzalez.org\/en\/wp-json\/wp\/v2\/types\/page"}],"author":[{"embeddable":true,"href":"https:\/\/juliogonzalez.org\/en\/wp-json\/wp\/v2\/users\/9"}],"replies":[{"embeddable":true,"href":"https:\/\/juliogonzalez.org\/en\/wp-json\/wp\/v2\/comments?post=6759"}],"version-history":[{"count":31,"href":"https:\/\/juliogonzalez.org\/en\/wp-json\/wp\/v2\/pages\/6759\/revisions"}],"predecessor-version":[{"id":11470,"href":"https:\/\/juliogonzalez.org\/en\/wp-json\/wp\/v2\/pages\/6759\/revisions\/11470"}],"wp:attachment":[{"href":"https:\/\/juliogonzalez.org\/en\/wp-json\/wp\/v2\/media?parent=6759"}],"curies":[{"name":"wp","href":"https:\/\/api.w.org\/{rel}","templated":true}]}}