{"id":6742,"date":"2018-01-18T17:10:11","date_gmt":"2018-01-18T16:10:11","guid":{"rendered":"https:\/\/juliogonzalez.org\/a-propos-de-l-artiste\/"},"modified":"2024-12-10T11:43:06","modified_gmt":"2024-12-10T10:43:06","slug":"a-propos-de-l-artiste-2","status":"publish","type":"page","link":"https:\/\/juliogonzalez.org\/en\/a-propos-de-l-artiste-2\/","title":{"rendered":"About the artist"},"content":{"rendered":"<div id=\"pl-6742\"  class=\"panel-layout\" ><div id=\"pg-6742-0\"  class=\"panel-grid panel-has-style\" ><div class=\"panel-row-style panel-row-style-for-6742-0\" ><div id=\"pgc-6742-0-0\"  class=\"panel-grid-cell\" ><div id=\"panel-6742-0-0-0\" class=\"so-panel widget widget_sow-editor panel-first-child panel-last-child\" data-index=\"0\" ><div\n\t\t\t\n\t\t\tclass=\"so-widget-sow-editor so-widget-sow-editor-base\"\n\t\t\t\n\t\t>\n<div class=\"siteorigin-widget-tinymce textwidget\">\n\t<h1>Julio Gonz\u00e1lez<\/h1>\n<\/div>\n<\/div><\/div><\/div><\/div><\/div><div id=\"pg-6742-1\"  class=\"panel-grid panel-no-style\" ><div id=\"pgc-6742-1-0\"  class=\"panel-grid-cell\" ><div id=\"panel-6742-1-0-0\" class=\"so-panel widget widget_sow-image panel-first-child panel-last-child\" data-index=\"1\" ><div\n\t\t\t\n\t\t\tclass=\"so-widget-sow-image so-widget-sow-image-default-a258e6bfa2d8-6742\"\n\t\t\t\n\t\t><h3 class=\"widget-title\"><\/h3>\n<div class=\"sow-image-container\">\n\t\t<img \n\tsrc=\"https:\/\/juliogonzalez.org\/wp-content\/uploads\/2018\/01\/Julio-Gonzalez.jpg\" width=\"570\" height=\"754\" srcset=\"https:\/\/juliogonzalez.org\/wp-content\/uploads\/2018\/01\/Julio-Gonzalez.jpg 570w, https:\/\/juliogonzalez.org\/wp-content\/uploads\/2018\/01\/Julio-Gonzalez-227x300.jpg 227w, https:\/\/juliogonzalez.org\/wp-content\/uploads\/2018\/01\/Julio-Gonzalez-145x192.jpg 145w, https:\/\/juliogonzalez.org\/wp-content\/uploads\/2018\/01\/Julio-Gonzalez-18x24.jpg 18w, https:\/\/juliogonzalez.org\/wp-content\/uploads\/2018\/01\/Julio-Gonzalez-27x36.jpg 27w, https:\/\/juliogonzalez.org\/wp-content\/uploads\/2018\/01\/Julio-Gonzalez-36x48.jpg 36w\" sizes=\"(max-width: 570px) 100vw, 570px\" alt=\"\" \t\tclass=\"so-widget-image\"\/>\n\t<\/div>\n\n<\/div><\/div><\/div><div id=\"pgc-6742-1-1\"  class=\"panel-grid-cell\" ><div id=\"panel-6742-1-1-0\" class=\"so-panel widget widget_sow-editor panel-first-child\" data-index=\"2\" ><div\n\t\t\t\n\t\t\tclass=\"so-widget-sow-editor so-widget-sow-editor-base\"\n\t\t\t\n\t\t>\n<div class=\"siteorigin-widget-tinymce textwidget\">\n\t<p><strong>Artisan metal-worker, painter, draftsman, and above all, sculptor, Julio Gonz\u00e1lez<\/strong> (1876-1942) figures among the greatest artists of his time. Catalonian by birth, Parisian by adoption, Gonz\u00e1lez casts, hammers and sculpts iron and copper, gold, bronze and silver, without neglecting stone or plaster. For this \"sculptor of the void\" who manages to \"draw in space\" with iron wire and planes, space becomes a constructive element, a material in its own right.\u00a0 Gonz\u00e1lez is today recognized as a pioneer of 20th century modernist sculpture and a precursor for contemporary artistic practice.<\/p>\n<\/div>\n<\/div><\/div><div id=\"panel-6742-1-1-1\" class=\"so-panel widget widget_sow-button panel-last-child\" data-index=\"3\" ><div\n\t\t\t\n\t\t\tclass=\"so-widget-sow-button so-widget-sow-button-flat-c5f7c9fd5d8e-6742\"\n\t\t\t\n\t\t><div class=\"ow-button-base ow-button-align-center\"\n>\n\t\t\t<a\n\t\t\t\t\thref=\"https:\/\/juliogonzalez.org\/en\/about-the-artists\/julio-gonzalez\/\"\n\t\t\t\t\tclass=\"sowb-button ow-icon-placement-left ow-button-hover\" \t>\n\t\t<span>\n\t\t\t\n\t\t\tFind out more\t\t<\/span>\n\t\t\t<\/a>\n\t<\/div>\n<\/div><\/div><\/div><\/div><div id=\"pg-6742-2\"  class=\"panel-grid panel-no-style\" ><div id=\"pgc-6742-2-0\"  class=\"panel-grid-cell\" ><div id=\"panel-6742-2-0-0\" class=\"so-panel widget widget_sow-editor panel-first-child panel-last-child\" data-index=\"4\" ><div\n\t\t\t\n\t\t\tclass=\"so-widget-sow-editor so-widget-sow-editor-base\"\n\t\t\t\n\t\t>\n<div class=\"siteorigin-widget-tinymce textwidget\">\n\t<h1>Also featuring<\/h1>\n<\/div>\n<\/div><\/div><\/div><\/div><div id=\"pg-6742-3\"  class=\"panel-grid panel-no-style\" ><div id=\"pgc-6742-3-0\"  class=\"panel-grid-cell\" ><div id=\"panel-6742-3-0-0\" class=\"so-panel widget widget_sow-image panel-first-child panel-last-child\" data-index=\"5\" ><div\n\t\t\t\n\t\t\tclass=\"so-widget-sow-image so-widget-sow-image-default-a258e6bfa2d8-6742\"\n\t\t\t\n\t\t>\n<div class=\"sow-image-container\">\n\t\t<img \n\tsrc=\"https:\/\/juliogonzalez.org\/wp-content\/uploads\/2018\/01\/joan-gonzalez-e1520679964815.jpg\" width=\"383\" height=\"379\" srcset=\"https:\/\/juliogonzalez.org\/wp-content\/uploads\/2018\/01\/joan-gonzalez-e1520679964815.jpg 383w, https:\/\/juliogonzalez.org\/wp-content\/uploads\/2018\/01\/joan-gonzalez-e1520679964815-300x297.jpg 300w, https:\/\/juliogonzalez.org\/wp-content\/uploads\/2018\/01\/joan-gonzalez-e1520679964815-145x143.jpg 145w, https:\/\/juliogonzalez.org\/wp-content\/uploads\/2018\/01\/joan-gonzalez-e1520679964815-24x24.png 24w, https:\/\/juliogonzalez.org\/wp-content\/uploads\/2018\/01\/joan-gonzalez-e1520679964815-36x36.png 36w, https:\/\/juliogonzalez.org\/wp-content\/uploads\/2018\/01\/joan-gonzalez-e1520679964815-48x48.png 48w\" sizes=\"(max-width: 383px) 100vw, 383px\" title=\"joan-gonzalez\" alt=\"\" \t\tclass=\"so-widget-image\"\/>\n\t<\/div>\n\n<\/div><\/div><\/div><div id=\"pgc-6742-3-1\"  class=\"panel-grid-cell\" ><div id=\"panel-6742-3-1-0\" class=\"so-panel widget widget_sow-editor panel-first-child\" data-index=\"6\" ><div\n\t\t\t\n\t\t\tclass=\"so-widget-sow-editor so-widget-sow-editor-base\"\n\t\t\t\n\t\t><h3 class=\"widget-title\">Joan Gonz\u00e1lez (1868-1908)<\/h3>\n<div class=\"siteorigin-widget-tinymce textwidget\">\n\t<p>Like his little brother, Joan begins his career as an artisan metal-worker in the family workshop in Barcelona\u2026<\/p>\n<\/div>\n<\/div><\/div><div id=\"panel-6742-3-1-1\" class=\"so-panel widget widget_sow-button panel-last-child\" data-index=\"7\" ><div\n\t\t\t\n\t\t\tclass=\"so-widget-sow-button so-widget-sow-button-flat-c5f7c9fd5d8e-6742\"\n\t\t\t\n\t\t><div class=\"ow-button-base ow-button-align-center\"\n>\n\t\t\t<a\n\t\t\t\t\thref=\"https:\/\/juliogonzalez.org\/a-propos-des-artistes\/joan-gonzalez\/\"\n\t\t\t\t\tclass=\"sowb-button ow-icon-placement-left ow-button-hover\" \t>\n\t\t<span>\n\t\t\t\n\t\t\tFind out more\t\t<\/span>\n\t\t\t<\/a>\n\t<\/div>\n<\/div><\/div><\/div><div id=\"pgc-6742-3-2\"  class=\"panel-grid-cell\" ><div id=\"panel-6742-3-2-0\" class=\"so-panel widget widget_sow-image panel-first-child panel-last-child\" data-index=\"8\" ><div\n\t\t\t\n\t\t\tclass=\"so-widget-sow-image so-widget-sow-image-default-a258e6bfa2d8-6742\"\n\t\t\t\n\t\t>\n<div class=\"sow-image-container\">\n\t\t<img \n\tsrc=\"https:\/\/juliogonzalez.org\/wp-content\/uploads\/2018\/03\/JulioGonzalezRobertaGonzalezca1936.jpg\" width=\"348\" height=\"480\" srcset=\"https:\/\/juliogonzalez.org\/wp-content\/uploads\/2018\/03\/JulioGonzalezRobertaGonzalezca1936.jpg 348w, https:\/\/juliogonzalez.org\/wp-content\/uploads\/2018\/03\/JulioGonzalezRobertaGonzalezca1936-218x300.jpg 218w, https:\/\/juliogonzalez.org\/wp-content\/uploads\/2018\/03\/JulioGonzalezRobertaGonzalezca1936-145x200.jpg 145w, https:\/\/juliogonzalez.org\/wp-content\/uploads\/2018\/03\/JulioGonzalezRobertaGonzalezca1936-17x24.jpg 17w, https:\/\/juliogonzalez.org\/wp-content\/uploads\/2018\/03\/JulioGonzalezRobertaGonzalezca1936-26x36.jpg 26w, https:\/\/juliogonzalez.org\/wp-content\/uploads\/2018\/03\/JulioGonzalezRobertaGonzalezca1936-35x48.jpg 35w\" sizes=\"(max-width: 348px) 100vw, 348px\" alt=\"\" \t\tclass=\"so-widget-image\"\/>\n\t<\/div>\n\n<\/div><\/div><\/div><div id=\"pgc-6742-3-3\"  class=\"panel-grid-cell\" ><div id=\"panel-6742-3-3-0\" class=\"so-panel widget widget_sow-editor panel-first-child\" data-index=\"9\" ><div\n\t\t\t\n\t\t\tclass=\"so-widget-sow-editor so-widget-sow-editor-base\"\n\t\t\t\n\t\t><h3 class=\"widget-title\">Roberta Gonz\u00e1lez (1909-1976)<\/h3>\n<div class=\"siteorigin-widget-tinymce textwidget\">\n\t<p>Julio Gonz\u00e1lez's only child, Roberta Gonz\u00e1lez pursues the family vocation...<\/p>\n<p>&nbsp;<\/p>\n<\/div>\n<\/div><\/div><div id=\"panel-6742-3-3-1\" class=\"so-panel widget widget_sow-button panel-last-child\" data-index=\"10\" ><div\n\t\t\t\n\t\t\tclass=\"so-widget-sow-button so-widget-sow-button-flat-c5f7c9fd5d8e-6742\"\n\t\t\t\n\t\t><div class=\"ow-button-base ow-button-align-center\"\n>\n\t\t\t<a\n\t\t\t\t\thref=\"https:\/\/juliogonzalez.org\/en\/a-propos-de-l-artiste\/roberta-gonzalez-1909-1976\"\n\t\t\t\t\tclass=\"sowb-button ow-icon-placement-left ow-button-hover\" \t>\n\t\t<span>\n\t\t\t\n\t\t\tFind out more\t\t<\/span>\n\t\t\t<\/a>\n\t<\/div>\n<\/div><\/div><\/div><\/div><div id=\"pg-6742-4\"  class=\"panel-grid panel-no-style\" ><div id=\"pgc-6742-4-0\"  class=\"panel-grid-cell panel-grid-cell-empty\" ><\/div><\/div><\/div>","protected":false},"excerpt":{"rendered":"<p>Julio Gonz\u00e1lez Artisan metal-worker, painter, draftsman, and above all, sculptor, Julio Gonz\u00e1lez (1876-1942) figures among the greatest artists of his time. Catalonian by birth, Parisian by adoption, Gonz\u00e1lez casts, hammers and sculpts iron and copper, gold, bronze and silver, without neglecting stone or plaster. For this &#8220;sculptor of the void&#8221; who manages to &#8220;draw in [&hellip;]<\/p>\n","protected":false},"author":9,"featured_media":0,"parent":0,"menu_order":4,"comment_status":"closed","ping_status":"closed","template":"template-a-propos-de-l-artiste.php","meta":{"footnotes":""},"class_list":["post-6742","page","type-page","status-publish","hentry"],"_links":{"self":[{"href":"https:\/\/juliogonzalez.org\/en\/wp-json\/wp\/v2\/pages\/6742","targetHints":{"allow":["GET"]}}],"collection":[{"href":"https:\/\/juliogonzalez.org\/en\/wp-json\/wp\/v2\/pages"}],"about":[{"href":"https:\/\/juliogonzalez.org\/en\/wp-json\/wp\/v2\/types\/page"}],"author":[{"embeddable":true,"href":"https:\/\/juliogonzalez.org\/en\/wp-json\/wp\/v2\/users\/9"}],"replies":[{"embeddable":true,"href":"https:\/\/juliogonzalez.org\/en\/wp-json\/wp\/v2\/comments?post=6742"}],"version-history":[{"count":48,"href":"https:\/\/juliogonzalez.org\/en\/wp-json\/wp\/v2\/pages\/6742\/revisions"}],"predecessor-version":[{"id":8699,"href":"https:\/\/juliogonzalez.org\/en\/wp-json\/wp\/v2\/pages\/6742\/revisions\/8699"}],"wp:attachment":[{"href":"https:\/\/juliogonzalez.org\/en\/wp-json\/wp\/v2\/media?parent=6742"}],"curies":[{"name":"wp","href":"https:\/\/api.w.org\/{rel}","templated":true}]}}