{"id":6308,"date":"2018-01-03T19:07:22","date_gmt":"2018-01-03T18:07:22","guid":{"rendered":"https:\/\/juliogonzalez.org\/accueil-2018\/"},"modified":"2025-03-06T12:14:20","modified_gmt":"2025-03-06T11:14:20","slug":"accueil-2018","status":"publish","type":"page","link":"https:\/\/juliogonzalez.org\/en\/","title":{"rendered":"Julio, Roberta et Joan Gonz\u00e1lez &#8211; Official Artist website"},"content":{"rendered":"<div id=\"pl-6308\"  class=\"panel-layout\" ><div id=\"pg-6308-0\"  class=\"panel-grid panel-has-style\" ><div class=\"hometemp2K2 panel-row-style panel-row-style-for-6308-0\" ><div id=\"pgc-6308-0-0\"  class=\"panel-grid-cell\" ><div id=\"panel-6308-0-0-0\" class=\"so-panel widget widget_text panel-first-child\" data-index=\"0\" ><div class=\"panel-widget-style panel-widget-style-for-6308-0-0-0\" >\t\t\t<div class=\"textwidget\"><\/div>\n\t\t<\/div><\/div><div id=\"panel-6308-0-0-1\" class=\"so-panel widget widget_text panel-last-child\" data-index=\"1\" ><div class=\"panel-widget-style panel-widget-style-for-6308-0-0-1\" >\t\t\t<div class=\"textwidget\"><p>Welcome to the <strong>official website<\/strong> of <strong>artists Julio Gonz\u00e1lez (1876-1942), Roberta Gonz\u00e1lez (1909-1976) <\/strong>and <strong>Joan Gonz\u00e1lez (1868-1908).<\/strong><\/p>\n<p>Artisan metal-worker, painter and skilled draftsman, Julio Gonz\u00e1lez sets himself apart as one of the <strong>most innovative artists of the 20th century<\/strong> through his <strong>iron sculpture<\/strong>. By breaking the boundaries between artistic and industrial practices, Gonzalez is the first to<strong> &#8220;draw in space&#8221; with iron<\/strong>, integrating space as a constructive element in his compositions.<\/p>\n<p>This site is maintained by <strong>Gonz\u00e1lez Administration<\/strong>, the entity entrusted with the <strong>universal rights to Gonz\u00e1lez&#8217;s work<\/strong>. The Administration&#8217;s mission is to <strong>diffuse and promote<\/strong> the <strong>Gonz\u00e1lez&#8217;s work and legacy.<\/strong><\/p>\n<\/div>\n\t\t<\/div><\/div><\/div><div id=\"pgc-6308-0-1\"  class=\"panel-grid-cell\" ><div id=\"panel-6308-0-1-0\" class=\"so-panel widget widget_text panel-first-child\" data-index=\"2\" ><div class=\"panel-widget-style panel-widget-style-for-6308-0-1-0\" >\t\t\t<div class=\"textwidget\"><\/div>\n\t\t<\/div><\/div><div id=\"panel-6308-0-1-1\" class=\"so-panel widget widget_sow-image\" data-index=\"3\" ><div\n\t\t\t\n\t\t\tclass=\"so-widget-sow-image so-widget-sow-image-default-c67d20f9f743-6308\"\n\t\t\t\n\t\t>\n<div class=\"sow-image-container\">\n\t\t<img \n\tsrc=\"https:\/\/juliogonzalez.org\/wp-content\/uploads\/2021\/05\/Gonzalez-1024x576.jpg\" width=\"604\" height=\"340\" srcset=\"https:\/\/juliogonzalez.org\/wp-content\/uploads\/2021\/05\/Gonzalez-1024x576.jpg 1024w, https:\/\/juliogonzalez.org\/wp-content\/uploads\/2021\/05\/Gonzalez-300x169.jpg 300w, https:\/\/juliogonzalez.org\/wp-content\/uploads\/2021\/05\/Gonzalez-768x432.jpg 768w, https:\/\/juliogonzalez.org\/wp-content\/uploads\/2021\/05\/Gonzalez-600x338.jpg 600w, https:\/\/juliogonzalez.org\/wp-content\/uploads\/2021\/05\/Gonzalez-145x82.jpg 145w, https:\/\/juliogonzalez.org\/wp-content\/uploads\/2021\/05\/Gonzalez-24x14.jpg 24w, https:\/\/juliogonzalez.org\/wp-content\/uploads\/2021\/05\/Gonzalez-36x20.jpg 36w, https:\/\/juliogonzalez.org\/wp-content\/uploads\/2021\/05\/Gonzalez-48x27.jpg 48w, https:\/\/juliogonzalez.org\/wp-content\/uploads\/2021\/05\/Gonzalez.jpg 1281w\" sizes=\"(max-width: 604px) 100vw, 604px\" alt=\"\" \t\tclass=\"so-widget-image\"\/>\n\t<\/div>\n\n<\/div><\/div><div id=\"panel-6308-0-1-2\" class=\"so-panel widget widget_text panel-last-child\" data-index=\"4\" >\t\t\t<div class=\"textwidget\"><p>This important Julio Gonz\u00e1lez retrospective retraces the major phases in the evolution of his work in Paris, from his early metal masks made with the repouss\u00e9 technique in the 1910-1920s, to his mature works of the 1930-1940s which revolutionize iron sculpture.\u00a0 \u00a0The works presented come for the most part from the collection of the Mus\u00e9e National d\u2019art Moderne (MNAM) of Paris.\u00a0 The exhibition will be on display at the Centre Pompidou M\u00e1laga from May 27 to October 17, 2021.<\/p>\n<p><a href=\"https:\/\/juliogonzalez.org\/en\/2021\/05\/20\/retrospective-julio-gonzalez-au-centre-pompidou-malaga-27-mai-au-17-octobre-2021\/#.YKfZm5MzY_U\">Find out more<\/a><\/p>\n<\/div>\n\t\t<\/div><\/div><\/div><\/div><div id=\"pg-6308-1\"  class=\"panel-grid panel-has-style\" ><div class=\"panel-row-style panel-row-style-for-6308-1\" ><div id=\"pgc-6308-1-0\"  class=\"panel-grid-cell\" ><div id=\"panel-6308-1-0-0\" class=\"so-panel widget widget_sow-editor panel-first-child\" data-index=\"5\" ><div class=\"panel-widget-style panel-widget-style-for-6308-1-0-0\" ><div\n\t\t\t\n\t\t\tclass=\"so-widget-sow-editor so-widget-sow-editor-base\"\n\t\t\t\n\t\t>\n<div class=\"siteorigin-widget-tinymce textwidget\">\n\t<h1 style=\"text-align: center;\">WHAT'S NEW<\/h1>\n<\/div>\n<\/div><\/div><\/div><div id=\"panel-6308-1-0-1\" class=\"so-panel widget widget_siteorigin-panels-postloop\" data-index=\"6\" ><div class=\"homearticles2K18 panel-widget-style panel-widget-style-for-6308-1-0-1\" >\n<article id=\"post-11748\" class=\"post-11748 post type-post status-publish format-standard has-post-thumbnail hentry category-exhibition-2 category-exhibition category-expositions-en\">\n    <a href=\"https:\/\/juliogonzalez.org\/en\/2026\/03\/women-in-the-word-of-julio-gonzalez-ivam-centre-julio-gonzalez-27-03-2026-28-02-2027\/\" rel=\"bookmark\">\n        <div class=\"home_thumbnail\">\n\t\t\t<img loading=\"lazy\" decoding=\"async\" width=\"276\" height=\"300\" src=\"https:\/\/juliogonzalez.org\/wp-content\/uploads\/2026\/03\/Screenshot-2026-03-20-at-17.33.47-276x300.png\" class=\"attachment-medium size-medium wp-post-image\" alt=\"\" srcset=\"https:\/\/juliogonzalez.org\/wp-content\/uploads\/2026\/03\/Screenshot-2026-03-20-at-17.33.47-276x300.png 276w, https:\/\/juliogonzalez.org\/wp-content\/uploads\/2026\/03\/Screenshot-2026-03-20-at-17.33.47-942x1024.png 942w, https:\/\/juliogonzalez.org\/wp-content\/uploads\/2026\/03\/Screenshot-2026-03-20-at-17.33.47-768x835.png 768w, https:\/\/juliogonzalez.org\/wp-content\/uploads\/2026\/03\/Screenshot-2026-03-20-at-17.33.47-145x158.png 145w, https:\/\/juliogonzalez.org\/wp-content\/uploads\/2026\/03\/Screenshot-2026-03-20-at-17.33.47.png 1308w\" sizes=\"auto, (max-width: 276px) 100vw, 276px\" \/>\t\t<\/div>\n\t\t<h3>\n\t\t\t&#8220;Women in the Work of Julio Gonzalez&#8221;, IVAM Centre Julio Gonzalez, 27\/03\/2026-28\/02\/2027...\n\t\t<\/h3>\n\n    <\/a>\n<\/article>\n\n<article id=\"post-11773\" class=\"post-11773 post type-post status-publish format-standard has-post-thumbnail hentry category-exhibition category-expositions-en\">\n    <a href=\"https:\/\/juliogonzalez.org\/en\/2026\/03\/julio-gonzalez-in-the-coleccion-helft-w-galeria-buenos-aires-21-03-2026\/\" rel=\"bookmark\">\n        <div class=\"home_thumbnail\">\n\t\t\t<img loading=\"lazy\" decoding=\"async\" width=\"246\" height=\"300\" src=\"https:\/\/juliogonzalez.org\/wp-content\/uploads\/2026\/03\/Screenshot-2026-03-20-at-12.53.57-246x300.png\" class=\"attachment-medium size-medium wp-post-image\" alt=\"\" srcset=\"https:\/\/juliogonzalez.org\/wp-content\/uploads\/2026\/03\/Screenshot-2026-03-20-at-12.53.57-246x300.png 246w, https:\/\/juliogonzalez.org\/wp-content\/uploads\/2026\/03\/Screenshot-2026-03-20-at-12.53.57-841x1024.png 841w, https:\/\/juliogonzalez.org\/wp-content\/uploads\/2026\/03\/Screenshot-2026-03-20-at-12.53.57-768x935.png 768w, https:\/\/juliogonzalez.org\/wp-content\/uploads\/2026\/03\/Screenshot-2026-03-20-at-12.53.57-145x177.png 145w, https:\/\/juliogonzalez.org\/wp-content\/uploads\/2026\/03\/Screenshot-2026-03-20-at-12.53.57.png 1084w\" sizes=\"auto, (max-width: 246px) 100vw, 246px\" \/>\t\t<\/div>\n\t\t<h3>\n\t\t\tJulio Gonzalez in the coleccion Helft, W-galeria, Buenos Aires, 21\/03\/2026-...\n\t\t<\/h3>\n\n    <\/a>\n<\/article>\n\n<article id=\"post-11767\" class=\"post-11767 post type-post status-publish format-standard has-post-thumbnail hentry category-exhibition-2\">\n    <a href=\"https:\/\/juliogonzalez.org\/en\/2026\/03\/julio-gonzalez-in-transitar-el-siglo-xx-fundacion-ico-madrid-10-02-10-05-2026\/\" rel=\"bookmark\">\n        <div class=\"home_thumbnail\">\n\t\t\t<img loading=\"lazy\" decoding=\"async\" width=\"300\" height=\"170\" src=\"https:\/\/juliogonzalez.org\/wp-content\/uploads\/2026\/03\/Screenshot-2026-03-20-at-11.46.13-300x170.png\" class=\"attachment-medium size-medium wp-post-image\" alt=\"\" srcset=\"https:\/\/juliogonzalez.org\/wp-content\/uploads\/2026\/03\/Screenshot-2026-03-20-at-11.46.13-300x170.png 300w, https:\/\/juliogonzalez.org\/wp-content\/uploads\/2026\/03\/Screenshot-2026-03-20-at-11.46.13-1024x582.png 1024w, https:\/\/juliogonzalez.org\/wp-content\/uploads\/2026\/03\/Screenshot-2026-03-20-at-11.46.13-768x436.png 768w, https:\/\/juliogonzalez.org\/wp-content\/uploads\/2026\/03\/Screenshot-2026-03-20-at-11.46.13-145x82.png 145w, https:\/\/juliogonzalez.org\/wp-content\/uploads\/2026\/03\/Screenshot-2026-03-20-at-11.46.13.png 1204w\" sizes=\"auto, (max-width: 300px) 100vw, 300px\" \/>\t\t<\/div>\n\t\t<h3>\n\t\t\tJulio Gonzalez in &#8220;Transitar el siglo XX&#8221;, Fundacion ICO, Madrid, 10\/02-10\/05-2026...\n\t\t<\/h3>\n\n    <\/a>\n<\/article>\n<\/div><\/div><div id=\"panel-6308-1-0-2\" class=\"so-panel widget widget_sow-button panel-last-child\" data-index=\"7\" ><div\n\t\t\t\n\t\t\tclass=\"so-widget-sow-button so-widget-sow-button-flat-ac946c0daec4-11767\"\n\t\t\t\n\t\t><div class=\"ow-button-base ow-button-align-center\"\n>\n\t\t\t<a\n\t\t\t\t\thref=\"https:\/\/juliogonzalez.org\/en\/whatsnew\/\"\n\t\t\t\t\tclass=\"sowb-button ow-icon-placement-left ow-button-hover\" \t>\n\t\t<span>\n\t\t\t\n\t\t\tSee all news\t\t<\/span>\n\t\t\t<\/a>\n\t<\/div>\n<\/div><\/div><\/div><\/div><\/div><div id=\"pg-6308-2\"  class=\"panel-grid panel-has-style\" ><div class=\"panel-row-style panel-row-style-for-6308-2\" ><div id=\"pgc-6308-2-0\"  class=\"panel-grid-cell\" ><div id=\"panel-6308-2-0-0\" class=\"so-panel widget widget_text panel-first-child\" data-index=\"8\" >\t\t\t<div class=\"textwidget\"><\/div>\n\t\t<\/div><div id=\"panel-6308-2-0-1\" class=\"so-panel widget widget_text panel-last-child\" data-index=\"9\" ><div class=\"panel-widget-style panel-widget-style-for-6308-2-0-1\" >\t\t\t<div class=\"textwidget\"><p>Welcome to the <strong>official website<\/strong> of the <strong>artists Julio Gonz\u00e1lez (1876-1942), Roberta Gonz\u00e1lez (1909-1976) and Joan Gonz\u00e1lez (1868-1908)<\/strong>.<\/p>\n<p>Artisan metal-worker, painter and skilled draftsman, Julio Gonz\u00e1lez sets himself apart as one of the <strong>most innovative artists of the 20th century<\/strong> through his <strong>iron sculpture<\/strong>. By breaking the boundaries between artistic and industrial practices, Gonzalez is the first to<strong> &#8220;draw in space&#8221; with iron<\/strong>, integrating space as a constructive element in his compositions.<\/p>\n<p>This site is maintained by <strong>Gonz\u00e1lez Administration<\/strong>, the entity entrusted with the <strong>universal rights to Gonz\u00e1lez&#8217;s work<\/strong>. The Administration&#8217;s mission is to <strong>diffuse and promote<\/strong> not the <strong>Gonz\u00e1lez&#8217;s work and legacy<\/strong>.<\/p>\n<\/div>\n\t\t<\/div><\/div><\/div><\/div><\/div><\/div>","protected":false},"excerpt":{"rendered":"<p>Welcome to the official website of artists Julio Gonz\u00e1lez (1876-1942), Roberta Gonz\u00e1lez (1909-1976) and Joan Gonz\u00e1lez (1868-1908). Artisan metal-worker, painter and skilled draftsman, Julio Gonz\u00e1lez sets himself apart as one of the most innovative artists of the 20th century through his iron sculpture. By breaking the boundaries between artistic and industrial practices, Gonzalez is the [&hellip;]<\/p>\n","protected":false},"author":9,"featured_media":0,"parent":0,"menu_order":0,"comment_status":"closed","ping_status":"closed","template":"template-homepage2018.php","meta":{"footnotes":""},"class_list":["post-6308","page","type-page","status-publish","hentry"],"_links":{"self":[{"href":"https:\/\/juliogonzalez.org\/en\/wp-json\/wp\/v2\/pages\/6308","targetHints":{"allow":["GET"]}}],"collection":[{"href":"https:\/\/juliogonzalez.org\/en\/wp-json\/wp\/v2\/pages"}],"about":[{"href":"https:\/\/juliogonzalez.org\/en\/wp-json\/wp\/v2\/types\/page"}],"author":[{"embeddable":true,"href":"https:\/\/juliogonzalez.org\/en\/wp-json\/wp\/v2\/users\/9"}],"replies":[{"embeddable":true,"href":"https:\/\/juliogonzalez.org\/en\/wp-json\/wp\/v2\/comments?post=6308"}],"version-history":[{"count":69,"href":"https:\/\/juliogonzalez.org\/en\/wp-json\/wp\/v2\/pages\/6308\/revisions"}],"predecessor-version":[{"id":11450,"href":"https:\/\/juliogonzalez.org\/en\/wp-json\/wp\/v2\/pages\/6308\/revisions\/11450"}],"wp:attachment":[{"href":"https:\/\/juliogonzalez.org\/en\/wp-json\/wp\/v2\/media?parent=6308"}],"curies":[{"name":"wp","href":"https:\/\/api.w.org\/{rel}","templated":true}]}}