{"id":10042,"date":"2024-06-29T17:00:00","date_gmt":"2024-06-29T16:00:00","guid":{"rendered":"https:\/\/juliogonzalez.org\/?page_id=10042"},"modified":"2024-12-10T11:43:04","modified_gmt":"2024-12-10T10:43:04","slug":"daphne-a-la-fondation-maeght","status":"publish","type":"page","link":"https:\/\/juliogonzalez.org\/en\/daphne-a-la-fondation-maeght\/","title":{"rendered":"&#8220;Daphn\u00e9&#8221; \u00e0 la Fondation Maeght"},"content":{"rendered":"<div>You need to add a widget, row, or prebuilt layout before you&#8217;ll see anything here. \ud83d\ude42<\/div>\n\n\n<p>Pour f\u00eater son soixantenaire, la Fondation Maeght s&#8217;agrandit! D\u00e9sormais, des nouvelles galeries, con\u00e7ues par l&#8217;architecte Silvio d\u2019Ascia, en harmonie avec le b\u00e2timent original de Josep Lluis Sert, permettent d&#8217;accueillir plus largement la collection permanente de la fondation.<\/p>\n\n\n\n<p>Parmi les chefs d&#8217;oeuvre expos\u00e9es figurent <em>Daphn\u00e9 <\/em>(fer, 1937) de Julio Gonz\u00e1lez.\u00a0 Cette sculpture en fer capte de mani\u00e8re innovante la transformation mythologique de la nymph titulaire en arbre, afin de s\u2019extirper des avances faites envers elle par le dieu Apollon. Elle est \u00e0 la fois solide et \u00e9th\u00e9r\u00e9, humain et organique, ancien et moderne.<\/p>\n\n\n\n<p>La Fondation Maeght conserve une collection importante d\u2019oeuvres de Julio et de Roberta Gonz\u00e1lez gr\u00e2ce \u00e0 une donation g\u00e9n\u00e9reuse faite par Roberta Gonz\u00e1lez en 1972.<\/p>\n\n\n\n<div class=\"wp-block-group\"><div class=\"wp-block-group__inner-container is-layout-constrained wp-block-group-is-layout-constrained\">\n<div class=\"wp-block-columns is-layout-flex wp-container-core-columns-is-layout-9d6595d7 wp-block-columns-is-layout-flex\">\n<div class=\"wp-block-column is-layout-flow wp-block-column-is-layout-flow\" style=\"flex-basis:100%\">\n<figure class=\"wp-block-gallery has-nested-images columns-default is-cropped wp-block-gallery-1 is-layout-flex wp-block-gallery-is-layout-flex\">\n<figure class=\"wp-block-image size-large\"><img loading=\"lazy\" decoding=\"async\" width=\"480\" height=\"640\" data-id=\"10035\" src=\"https:\/\/juliogonzalez.org\/wp-content\/uploads\/2024\/06\/IMG_7699-rotated.jpg\" alt=\"\" class=\"wp-image-10035\" srcset=\"https:\/\/juliogonzalez.org\/wp-content\/uploads\/2024\/06\/IMG_7699-rotated.jpg 480w, https:\/\/juliogonzalez.org\/wp-content\/uploads\/2024\/06\/IMG_7699-225x300.jpg 225w, https:\/\/juliogonzalez.org\/wp-content\/uploads\/2024\/06\/IMG_7699-145x193.jpg 145w\" sizes=\"auto, (max-width: 480px) 100vw, 480px\" \/><\/figure>\n\n\n\n<figure class=\"wp-block-image size-large\"><img loading=\"lazy\" decoding=\"async\" width=\"890\" height=\"1024\" data-id=\"10039\" src=\"https:\/\/juliogonzalez.org\/wp-content\/uploads\/2024\/06\/fondation_maeght-affiche_exposition-donation_gonzalez-1972-890x1024.jpg\" alt=\"\" class=\"wp-image-10039\" srcset=\"https:\/\/juliogonzalez.org\/wp-content\/uploads\/2024\/06\/fondation_maeght-affiche_exposition-donation_gonzalez-1972-890x1024.jpg 890w, https:\/\/juliogonzalez.org\/wp-content\/uploads\/2024\/06\/fondation_maeght-affiche_exposition-donation_gonzalez-1972-261x300.jpg 261w, https:\/\/juliogonzalez.org\/wp-content\/uploads\/2024\/06\/fondation_maeght-affiche_exposition-donation_gonzalez-1972-768x884.jpg 768w, https:\/\/juliogonzalez.org\/wp-content\/uploads\/2024\/06\/fondation_maeght-affiche_exposition-donation_gonzalez-1972-145x167.jpg 145w, https:\/\/juliogonzalez.org\/wp-content\/uploads\/2024\/06\/fondation_maeght-affiche_exposition-donation_gonzalez-1972.jpg 935w\" sizes=\"auto, (max-width: 890px) 100vw, 890px\" \/><\/figure>\n\n\n\n<figure class=\"wp-block-image size-large\"><img loading=\"lazy\" decoding=\"async\" width=\"768\" height=\"1024\" data-id=\"10037\" src=\"https:\/\/juliogonzalez.org\/wp-content\/uploads\/2024\/06\/Grande-salle-exterieur\u00a9-Glamodrama-pour-Silvio-dAscia-Archives-Fondation-Maeght-scaled-1-768x1024.jpg\" alt=\"\" class=\"wp-image-10037\" srcset=\"https:\/\/juliogonzalez.org\/wp-content\/uploads\/2024\/06\/Grande-salle-exterieur\u00a9-Glamodrama-pour-Silvio-dAscia-Archives-Fondation-Maeght-scaled-1-768x1024.jpg 768w, https:\/\/juliogonzalez.org\/wp-content\/uploads\/2024\/06\/Grande-salle-exterieur\u00a9-Glamodrama-pour-Silvio-dAscia-Archives-Fondation-Maeght-scaled-1-225x300.jpg 225w, https:\/\/juliogonzalez.org\/wp-content\/uploads\/2024\/06\/Grande-salle-exterieur\u00a9-Glamodrama-pour-Silvio-dAscia-Archives-Fondation-Maeght-scaled-1-1152x1536.jpg 1152w, https:\/\/juliogonzalez.org\/wp-content\/uploads\/2024\/06\/Grande-salle-exterieur\u00a9-Glamodrama-pour-Silvio-dAscia-Archives-Fondation-Maeght-scaled-1-1536x2048.jpg 1536w, https:\/\/juliogonzalez.org\/wp-content\/uploads\/2024\/06\/Grande-salle-exterieur\u00a9-Glamodrama-pour-Silvio-dAscia-Archives-Fondation-Maeght-scaled-1-145x193.jpg 145w, https:\/\/juliogonzalez.org\/wp-content\/uploads\/2024\/06\/Grande-salle-exterieur\u00a9-Glamodrama-pour-Silvio-dAscia-Archives-Fondation-Maeght-scaled-1.jpg 1920w\" sizes=\"auto, (max-width: 768px) 100vw, 768px\" \/><\/figure>\n<\/figure>\n<\/div>\n<\/div>\n<\/div><\/div>\n","protected":false},"excerpt":{"rendered":"<p>Pour f\u00eater son soixantenaire, la Fondation Maeght s&#8217;agrandit! D\u00e9sormais, des nouvelles galeries, con\u00e7ues par l&#8217;architecte Silvio d\u2019Ascia, en harmonie avec le b\u00e2timent original de Josep Lluis Sert, permettent d&#8217;accueillir plus largement la collection permanente de la fondation. Parmi les chefs d&#8217;oeuvre expos\u00e9es figurent Daphn\u00e9 (fer, 1937) de Julio Gonz\u00e1lez.\u00a0 Cette sculpture en fer capte de [&hellip;]<\/p>\n","protected":false},"author":9,"featured_media":10036,"parent":0,"menu_order":0,"comment_status":"closed","ping_status":"closed","template":"","meta":{"footnotes":""},"class_list":["post-10042","page","type-page","status-publish","has-post-thumbnail","hentry"],"_links":{"self":[{"href":"https:\/\/juliogonzalez.org\/en\/wp-json\/wp\/v2\/pages\/10042","targetHints":{"allow":["GET"]}}],"collection":[{"href":"https:\/\/juliogonzalez.org\/en\/wp-json\/wp\/v2\/pages"}],"about":[{"href":"https:\/\/juliogonzalez.org\/en\/wp-json\/wp\/v2\/types\/page"}],"author":[{"embeddable":true,"href":"https:\/\/juliogonzalez.org\/en\/wp-json\/wp\/v2\/users\/9"}],"replies":[{"embeddable":true,"href":"https:\/\/juliogonzalez.org\/en\/wp-json\/wp\/v2\/comments?post=10042"}],"version-history":[{"count":3,"href":"https:\/\/juliogonzalez.org\/en\/wp-json\/wp\/v2\/pages\/10042\/revisions"}],"predecessor-version":[{"id":10260,"href":"https:\/\/juliogonzalez.org\/en\/wp-json\/wp\/v2\/pages\/10042\/revisions\/10260"}],"wp:featuredmedia":[{"embeddable":true,"href":"https:\/\/juliogonzalez.org\/en\/wp-json\/wp\/v2\/media\/10036"}],"wp:attachment":[{"href":"https:\/\/juliogonzalez.org\/en\/wp-json\/wp\/v2\/media?parent=10042"}],"curies":[{"name":"wp","href":"https:\/\/api.w.org\/{rel}","templated":true}]}}